{"id":505,"date":"2025-06-09T10:20:19","date_gmt":"2025-06-09T08:20:19","guid":{"rendered":"https:\/\/tastepizzahalal.com\/?post_type=product&#038;p=505"},"modified":"2025-09-05T18:19:14","modified_gmt":"2025-09-05T16:19:14","slug":"pizza-kapricoza","status":"publish","type":"product","link":"https:\/\/tastepizzahalal.com\/?product=pizza-kapricoza","title":{"rendered":"Pizza Kapri\u00e7oza"},"content":{"rendered":"","protected":false},"excerpt":{"rendered":"<p>Salc\u00eb domateje, mozzarela, guda,<\/p>\n<p>sallam vi\u00e7i, k\u00ebrpudh\u00eb, ullinj,<\/p>\n<p>speca, rigon.<\/p>\n","protected":false},"featured_media":549,"template":"","meta":[],"product_brand":[],"product_cat":[59],"product_tag":[],"class_list":{"0":"post-505","1":"product","2":"type-product","3":"status-publish","4":"has-post-thumbnail","6":"product_cat-pizza-sq","8":"first","9":"instock","10":"taxable","11":"shipping-taxable","12":"purchasable","13":"product-type-variable"},"jetpack_sharing_enabled":true,"_links":{"self":[{"href":"https:\/\/tastepizzahalal.com\/index.php?rest_route=\/wp\/v2\/product\/505","targetHints":{"allow":["GET"]}}],"collection":[{"href":"https:\/\/tastepizzahalal.com\/index.php?rest_route=\/wp\/v2\/product"}],"about":[{"href":"https:\/\/tastepizzahalal.com\/index.php?rest_route=\/wp\/v2\/types\/product"}],"wp:featuredmedia":[{"embeddable":true,"href":"https:\/\/tastepizzahalal.com\/index.php?rest_route=\/wp\/v2\/media\/549"}],"wp:attachment":[{"href":"https:\/\/tastepizzahalal.com\/index.php?rest_route=%2Fwp%2Fv2%2Fmedia&parent=505"}],"wp:term":[{"taxonomy":"product_brand","embeddable":true,"href":"https:\/\/tastepizzahalal.com\/index.php?rest_route=%2Fwp%2Fv2%2Fproduct_brand&post=505"},{"taxonomy":"product_cat","embeddable":true,"href":"https:\/\/tastepizzahalal.com\/index.php?rest_route=%2Fwp%2Fv2%2Fproduct_cat&post=505"},{"taxonomy":"product_tag","embeddable":true,"href":"https:\/\/tastepizzahalal.com\/index.php?rest_route=%2Fwp%2Fv2%2Fproduct_tag&post=505"}],"curies":[{"name":"wp","href":"https:\/\/api.w.org\/{rel}","templated":true}]}}