{"id":477,"date":"2025-06-09T00:31:21","date_gmt":"2025-06-08T22:31:21","guid":{"rendered":"https:\/\/tastepizzahalal.com\/?post_type=product&#038;p=477"},"modified":"2025-12-01T14:48:57","modified_gmt":"2025-12-01T13:48:57","slug":"pizza-kerpudhe","status":"publish","type":"product","link":"https:\/\/tastepizzahalal.com\/?product=pizza-kerpudhe","title":{"rendered":"Pizza K\u00ebrpudh\u00eb"},"content":{"rendered":"","protected":false},"excerpt":{"rendered":"<p>Salc\u00eb domatje, mozzarela, guda,<\/p>\n<p>ullinj, k\u00ebrpudh\u00eb, rigon.<\/p>\n","protected":false},"featured_media":543,"template":"","meta":[],"product_brand":[],"product_cat":[59],"product_tag":[],"class_list":{"0":"post-477","1":"product","2":"type-product","3":"status-publish","4":"has-post-thumbnail","6":"product_cat-pizza-sq","8":"first","9":"instock","10":"taxable","11":"shipping-taxable","12":"purchasable","13":"product-type-variable"},"jetpack_sharing_enabled":true,"_links":{"self":[{"href":"https:\/\/tastepizzahalal.com\/index.php?rest_route=\/wp\/v2\/product\/477","targetHints":{"allow":["GET"]}}],"collection":[{"href":"https:\/\/tastepizzahalal.com\/index.php?rest_route=\/wp\/v2\/product"}],"about":[{"href":"https:\/\/tastepizzahalal.com\/index.php?rest_route=\/wp\/v2\/types\/product"}],"wp:featuredmedia":[{"embeddable":true,"href":"https:\/\/tastepizzahalal.com\/index.php?rest_route=\/wp\/v2\/media\/543"}],"wp:attachment":[{"href":"https:\/\/tastepizzahalal.com\/index.php?rest_route=%2Fwp%2Fv2%2Fmedia&parent=477"}],"wp:term":[{"taxonomy":"product_brand","embeddable":true,"href":"https:\/\/tastepizzahalal.com\/index.php?rest_route=%2Fwp%2Fv2%2Fproduct_brand&post=477"},{"taxonomy":"product_cat","embeddable":true,"href":"https:\/\/tastepizzahalal.com\/index.php?rest_route=%2Fwp%2Fv2%2Fproduct_cat&post=477"},{"taxonomy":"product_tag","embeddable":true,"href":"https:\/\/tastepizzahalal.com\/index.php?rest_route=%2Fwp%2Fv2%2Fproduct_tag&post=477"}],"curies":[{"name":"wp","href":"https:\/\/api.w.org\/{rel}","templated":true}]}}