{"id":470,"date":"2025-06-09T00:20:39","date_gmt":"2025-06-08T22:20:39","guid":{"rendered":"https:\/\/tastepizzahalal.com\/?post_type=product&#038;p=470"},"modified":"2025-09-06T01:13:47","modified_gmt":"2025-09-05T23:13:47","slug":"pizza-proshute-sallam","status":"publish","type":"product","link":"https:\/\/tastepizzahalal.com\/?product=pizza-proshute-sallam","title":{"rendered":"Pizza Proshut\u00eb-Sallam"},"content":{"rendered":"","protected":false},"excerpt":{"rendered":"<p>Salc\u00eb domatje, mozzarela, guda,<\/p>\n<p>proshut\u00eb vi\u00e7i ,sallam vi\u00e7i,<\/p>\n<p>rigon.<\/p>\n","protected":false},"featured_media":550,"template":"","meta":[],"product_brand":[],"product_cat":[59],"product_tag":[],"class_list":{"0":"post-470","1":"product","2":"type-product","3":"status-publish","4":"has-post-thumbnail","6":"product_cat-pizza-sq","8":"first","9":"instock","10":"taxable","11":"shipping-taxable","12":"purchasable","13":"product-type-variable"},"jetpack_sharing_enabled":true,"_links":{"self":[{"href":"https:\/\/tastepizzahalal.com\/index.php?rest_route=\/wp\/v2\/product\/470","targetHints":{"allow":["GET"]}}],"collection":[{"href":"https:\/\/tastepizzahalal.com\/index.php?rest_route=\/wp\/v2\/product"}],"about":[{"href":"https:\/\/tastepizzahalal.com\/index.php?rest_route=\/wp\/v2\/types\/product"}],"wp:featuredmedia":[{"embeddable":true,"href":"https:\/\/tastepizzahalal.com\/index.php?rest_route=\/wp\/v2\/media\/550"}],"wp:attachment":[{"href":"https:\/\/tastepizzahalal.com\/index.php?rest_route=%2Fwp%2Fv2%2Fmedia&parent=470"}],"wp:term":[{"taxonomy":"product_brand","embeddable":true,"href":"https:\/\/tastepizzahalal.com\/index.php?rest_route=%2Fwp%2Fv2%2Fproduct_brand&post=470"},{"taxonomy":"product_cat","embeddable":true,"href":"https:\/\/tastepizzahalal.com\/index.php?rest_route=%2Fwp%2Fv2%2Fproduct_cat&post=470"},{"taxonomy":"product_tag","embeddable":true,"href":"https:\/\/tastepizzahalal.com\/index.php?rest_route=%2Fwp%2Fv2%2Fproduct_tag&post=470"}],"curies":[{"name":"wp","href":"https:\/\/api.w.org\/{rel}","templated":true}]}}