{"id":455,"date":"2025-06-09T00:09:57","date_gmt":"2025-06-08T22:09:57","guid":{"rendered":"https:\/\/tastepizzahalal.com\/?post_type=product&#038;p=455"},"modified":"2025-09-25T21:31:24","modified_gmt":"2025-09-25T19:31:24","slug":"pizza-taste-mix","status":"publish","type":"product","link":"https:\/\/tastepizzahalal.com\/?product=pizza-taste-mix","title":{"rendered":"Pizza Taste Mix"},"content":{"rendered":"","protected":false},"excerpt":{"rendered":"<p>Salc\u00eb domatje, mozzarela,<\/p>\n<p>guda, sallam vi\u00e7i,pomodorini<\/p>\n<p>proshut\u00eb vi\u00e7i, k\u00ebrpudh\u00eb, ton,<\/p>\n<p>suxhuk vi\u00e7i,ullinj, speca,<\/p>\n<p>qep\u00eb, rukula,<\/p>\n<p>pomodorini, rigon.<\/p>\n","protected":false},"featured_media":542,"template":"","meta":[],"product_brand":[],"product_cat":[59],"product_tag":[],"class_list":{"0":"post-455","1":"product","2":"type-product","3":"status-publish","4":"has-post-thumbnail","6":"product_cat-pizza-sq","8":"first","9":"instock","10":"taxable","11":"shipping-taxable","12":"purchasable","13":"product-type-variable"},"jetpack_sharing_enabled":true,"_links":{"self":[{"href":"https:\/\/tastepizzahalal.com\/index.php?rest_route=\/wp\/v2\/product\/455","targetHints":{"allow":["GET"]}}],"collection":[{"href":"https:\/\/tastepizzahalal.com\/index.php?rest_route=\/wp\/v2\/product"}],"about":[{"href":"https:\/\/tastepizzahalal.com\/index.php?rest_route=\/wp\/v2\/types\/product"}],"wp:featuredmedia":[{"embeddable":true,"href":"https:\/\/tastepizzahalal.com\/index.php?rest_route=\/wp\/v2\/media\/542"}],"wp:attachment":[{"href":"https:\/\/tastepizzahalal.com\/index.php?rest_route=%2Fwp%2Fv2%2Fmedia&parent=455"}],"wp:term":[{"taxonomy":"product_brand","embeddable":true,"href":"https:\/\/tastepizzahalal.com\/index.php?rest_route=%2Fwp%2Fv2%2Fproduct_brand&post=455"},{"taxonomy":"product_cat","embeddable":true,"href":"https:\/\/tastepizzahalal.com\/index.php?rest_route=%2Fwp%2Fv2%2Fproduct_cat&post=455"},{"taxonomy":"product_tag","embeddable":true,"href":"https:\/\/tastepizzahalal.com\/index.php?rest_route=%2Fwp%2Fv2%2Fproduct_tag&post=455"}],"curies":[{"name":"wp","href":"https:\/\/api.w.org\/{rel}","templated":true}]}}