{"id":9,"date":"2025-05-21T21:46:05","date_gmt":"2025-05-21T21:46:05","guid":{"rendered":"https:\/\/tastepizzahalal.com\/?page_id=9"},"modified":"2025-07-25T18:15:20","modified_gmt":"2025-07-25T16:15:20","slug":"cart","status":"publish","type":"page","link":"https:\/\/tastepizzahalal.com\/?page_id=9","title":{"rendered":"Cart"},"content":{"rendered":"\n<div data-block-name=\"woocommerce\/cart\" class=\"wp-block-woocommerce-cart alignwide is-loading\">\n<div data-block-name=\"woocommerce\/filled-cart-block\" class=\"wp-block-woocommerce-filled-cart-block\">\n<div data-block-name=\"woocommerce\/cart-items-block\" class=\"wp-block-woocommerce-cart-items-block\">\n<div data-block-name=\"woocommerce\/cart-line-items-block\" class=\"wp-block-woocommerce-cart-line-items-block\"><\/div>\n\n\n\n<div data-block-name=\"woocommerce\/cart-cross-sells-block\" class=\"wp-block-woocommerce-cart-cross-sells-block\">\n<h2 class=\"wp-block-heading has-large-font-size\">You may be interested in\u2026<\/h2>\n\n\n\n<div data-block-name=\"woocommerce\/cart-cross-sells-products-block\" class=\"wp-block-woocommerce-cart-cross-sells-products-block\"><\/div>\n<\/div>\n<\/div>\n\n\n\n<div data-block-name=\"woocommerce\/cart-totals-block\" class=\"wp-block-woocommerce-cart-totals-block\">\n<div data-block-name=\"woocommerce\/cart-order-summary-block\" class=\"wp-block-woocommerce-cart-order-summary-block\">\n<div data-block-name=\"woocommerce\/cart-order-summary-heading-block\" class=\"wp-block-woocommerce-cart-order-summary-heading-block\"><\/div><div data-block-name=\"woocommerce\/cart-order-summary-coupon-form-block\" class=\"wp-block-woocommerce-cart-order-summary-coupon-form-block\"><\/div><div data-block-name=\"woocommerce\/cart-order-summary-totals-block\" class=\"wp-block-woocommerce-cart-order-summary-totals-block\">\n<div data-block-name=\"woocommerce\/cart-order-summary-subtotal-block\" class=\"wp-block-woocommerce-cart-order-summary-subtotal-block\"><\/div>\n<div data-block-name=\"woocommerce\/cart-order-summary-discount-block\" class=\"wp-block-woocommerce-cart-order-summary-discount-block\"><\/div>\n<div data-block-name=\"woocommerce\/cart-order-summary-fee-block\" class=\"wp-block-woocommerce-cart-order-summary-fee-block\"><\/div>\n<div data-block-name=\"woocommerce\/cart-order-summary-shipping-block\" class=\"wp-block-woocommerce-cart-order-summary-shipping-block\"><\/div>\n<div data-block-name=\"woocommerce\/cart-order-summary-taxes-block\" class=\"wp-block-woocommerce-cart-order-summary-taxes-block\"><\/div><\/div>\n<\/div>\n\n\n\n<div data-block-name=\"woocommerce\/cart-express-payment-block\" class=\"wp-block-woocommerce-cart-express-payment-block\"><\/div>\n\n\n\n<div data-block-name=\"woocommerce\/proceed-to-checkout-block\" class=\"wp-block-woocommerce-proceed-to-checkout-block\"><\/div>\n\n\n\n<div data-block-name=\"woocommerce\/cart-accepted-payment-methods-block\" class=\"wp-block-woocommerce-cart-accepted-payment-methods-block\"><\/div>\n<\/div>\n<\/div>\n\n\n\n<div data-block-name=\"woocommerce\/empty-cart-block\" class=\"wp-block-woocommerce-empty-cart-block\">\n<h2 class=\"wp-block-heading has-text-align-center with-empty-cart-icon wc-block-cart__empty-cart__title\">Your cart is currently empty!<\/h2>\n\n\n\n<hr class=\"wp-block-separator has-alpha-channel-opacity is-style-dots\" \/>\n\n\n\n<h2 class=\"wp-block-heading has-text-align-center\">New in store<\/h2>\n\n\n<div data-block-name=\"woocommerce\/product-new\" data-columns=\"4\" data-rows=\"1\" class=\"wc-block-grid wp-block-product-new wp-block-woocommerce-product-new wc-block-product-new has-4-columns\"><ul class=\"wc-block-grid__products\"><li class=\"wc-block-grid__product\">\n\t\t\t\t<a href=\"https:\/\/tastepizzahalal.com\/?product=coca-cola-1-5l\" class=\"wc-block-grid__product-link\">\n\t\t\t\t\t\n\t\t\t\t\t<div class=\"wc-block-grid__product-image\"><img fetchpriority=\"high\" decoding=\"async\" width=\"300\" height=\"300\" src=\"https:\/\/tastepizzahalal.com\/wp-content\/uploads\/2025\/11\/Imb5-300x300.jpg\" class=\"attachment-woocommerce_thumbnail size-woocommerce_thumbnail\" alt=\"Coca cola 1.5l\" srcset=\"https:\/\/tastepizzahalal.com\/wp-content\/uploads\/2025\/11\/Imb5-300x300.jpg 300w, https:\/\/tastepizzahalal.com\/wp-content\/uploads\/2025\/11\/Imb5-1024x1024.jpg 1024w, https:\/\/tastepizzahalal.com\/wp-content\/uploads\/2025\/11\/Imb5-150x150.jpg 150w, https:\/\/tastepizzahalal.com\/wp-content\/uploads\/2025\/11\/Imb5-768x768.jpg 768w, https:\/\/tastepizzahalal.com\/wp-content\/uploads\/2025\/11\/Imb5-12x12.jpg 12w, https:\/\/tastepizzahalal.com\/wp-content\/uploads\/2025\/11\/Imb5-600x600.jpg 600w, https:\/\/tastepizzahalal.com\/wp-content\/uploads\/2025\/11\/Imb5-100x100.jpg 100w, https:\/\/tastepizzahalal.com\/wp-content\/uploads\/2025\/11\/Imb5.jpg 1280w\" sizes=\"(max-width: 300px) 100vw, 300px\" \/><\/div>\n\t\t\t\t\t<div class=\"wc-block-grid__product-title\">Coca cola 1.5l<\/div>\n\t\t\t\t<\/a>\n\t\t\t\t<div class=\"wc-block-grid__product-price price\"><span class=\"woocommerce-Price-amount amount\">250&nbsp;<span class=\"woocommerce-Price-currencySymbol\">L<\/span><\/span><\/div>\n\t\t\t\t\n\t\t\t\t<div class=\"wp-block-button wc-block-grid__product-add-to-cart\"><a href=\"\/index.php?rest_route=%2Fwp%2Fv2%2Fpages%2F9&#038;add-to-cart=1186\" aria-label=\"Shtoje n\u00eb shport\u00eb: \u201cCoca cola 1.5l\u201d\" data-quantity=\"1\" data-product_id=\"1186\" data-product_sku=\"\" data-price=\"250\" rel=\"nofollow\" class=\"wp-block-button__link  add_to_cart_button ajax_add_to_cart\">Shtoje n\u00eb shport\u00eb<\/a><\/div>\n\t\t\t<\/li><li class=\"wc-block-grid__product\">\n\t\t\t\t<a href=\"https:\/\/tastepizzahalal.com\/?product=pizza-pikante-4-djatherat\" class=\"wc-block-grid__product-link\">\n\t\t\t\t\t\n\t\t\t\t\t<div class=\"wc-block-grid__product-image\"><img decoding=\"async\" width=\"300\" height=\"300\" src=\"https:\/\/tastepizzahalal.com\/wp-content\/uploads\/2025\/09\/Untitled-design-24-300x300.png\" class=\"attachment-woocommerce_thumbnail size-woocommerce_thumbnail\" alt=\"Pizza pikante &amp; 4 djath\u00ebrat\" srcset=\"https:\/\/tastepizzahalal.com\/wp-content\/uploads\/2025\/09\/Untitled-design-24-300x300.png 300w, https:\/\/tastepizzahalal.com\/wp-content\/uploads\/2025\/09\/Untitled-design-24-1024x1024.png 1024w, https:\/\/tastepizzahalal.com\/wp-content\/uploads\/2025\/09\/Untitled-design-24-150x150.png 150w, https:\/\/tastepizzahalal.com\/wp-content\/uploads\/2025\/09\/Untitled-design-24-768x768.png 768w, https:\/\/tastepizzahalal.com\/wp-content\/uploads\/2025\/09\/Untitled-design-24-12x12.png 12w, https:\/\/tastepizzahalal.com\/wp-content\/uploads\/2025\/09\/Untitled-design-24-600x600.png 600w, https:\/\/tastepizzahalal.com\/wp-content\/uploads\/2025\/09\/Untitled-design-24-100x100.png 100w, https:\/\/tastepizzahalal.com\/wp-content\/uploads\/2025\/09\/Untitled-design-24.png 1080w\" sizes=\"(max-width: 300px) 100vw, 300px\" \/><\/div>\n\t\t\t\t\t<div class=\"wc-block-grid__product-title\">Pizza pikante &amp; 4 djath\u00ebrat<\/div>\n\t\t\t\t<\/a>\n\t\t\t\t<div class=\"wc-block-grid__product-price price\">From: <span class=\"woocommerce-Price-amount amount\">450&nbsp;<span class=\"woocommerce-Price-currencySymbol\">L<\/span><\/span><\/div>\n\t\t\t\t\n\t\t\t\t<div class=\"wp-block-button wc-block-grid__product-add-to-cart\"><a href=\"https:\/\/tastepizzahalal.com\/?product=pizza-pikante-4-djatherat\" aria-label=\"P\u00ebrzgjidhni mund\u00ebsi p\u00ebr \u201cPizza pikante &amp; 4 djath\u00ebrat\u201d\" data-quantity=\"1\" data-product_id=\"1096\" data-product_sku=\"\" data-price=\"450\" rel=\"nofollow\" class=\"wp-block-button__link  add_to_cart_button\">P\u00ebrzgjidhni mund\u00ebsi<\/a><\/div>\n\t\t\t<\/li><li class=\"wc-block-grid__product\">\n\t\t\t\t<a href=\"https:\/\/tastepizzahalal.com\/?product=pizza\" class=\"wc-block-grid__product-link\">\n\t\t\t\t\t\n\t\t\t\t\t<div class=\"wc-block-grid__product-image\"><img decoding=\"async\" width=\"300\" height=\"300\" src=\"https:\/\/tastepizzahalal.com\/wp-content\/uploads\/2025\/08\/Untitled-design-2-300x300.png\" class=\"attachment-woocommerce_thumbnail size-woocommerce_thumbnail\" alt=\"Pizza proshut\u00eb krudo\" srcset=\"https:\/\/tastepizzahalal.com\/wp-content\/uploads\/2025\/08\/Untitled-design-2-300x300.png 300w, https:\/\/tastepizzahalal.com\/wp-content\/uploads\/2025\/08\/Untitled-design-2-1024x1024.png 1024w, https:\/\/tastepizzahalal.com\/wp-content\/uploads\/2025\/08\/Untitled-design-2-150x150.png 150w, https:\/\/tastepizzahalal.com\/wp-content\/uploads\/2025\/08\/Untitled-design-2-768x768.png 768w, https:\/\/tastepizzahalal.com\/wp-content\/uploads\/2025\/08\/Untitled-design-2-12x12.png 12w, https:\/\/tastepizzahalal.com\/wp-content\/uploads\/2025\/08\/Untitled-design-2-600x600.png 600w, https:\/\/tastepizzahalal.com\/wp-content\/uploads\/2025\/08\/Untitled-design-2-100x100.png 100w, https:\/\/tastepizzahalal.com\/wp-content\/uploads\/2025\/08\/Untitled-design-2.png 1080w\" sizes=\"(max-width: 300px) 100vw, 300px\" \/><\/div>\n\t\t\t\t\t<div class=\"wc-block-grid__product-title\">Pizza proshut\u00eb krudo<\/div>\n\t\t\t\t<\/a>\n\t\t\t\t<div class=\"wc-block-grid__product-price price\">From: <span class=\"woocommerce-Price-amount amount\">600&nbsp;<span class=\"woocommerce-Price-currencySymbol\">L<\/span><\/span><\/div>\n\t\t\t\t\n\t\t\t\t<div class=\"wp-block-button wc-block-grid__product-add-to-cart\"><a href=\"https:\/\/tastepizzahalal.com\/?product=pizza\" aria-label=\"P\u00ebrzgjidhni mund\u00ebsi p\u00ebr \u201cPizza proshut\u00eb krudo\u201d\" data-quantity=\"1\" data-product_id=\"1071\" data-product_sku=\"\" data-price=\"600\" rel=\"nofollow\" class=\"wp-block-button__link  add_to_cart_button\">P\u00ebrzgjidhni mund\u00ebsi<\/a><\/div>\n\t\t\t<\/li><li class=\"wc-block-grid__product\">\n\t\t\t\t<a href=\"https:\/\/tastepizzahalal.com\/?product=pizza-diavola-the-crema\" class=\"wc-block-grid__product-link\">\n\t\t\t\t\t\n\t\t\t\t\t<div class=\"wc-block-grid__product-image\"><img loading=\"lazy\" decoding=\"async\" width=\"300\" height=\"300\" src=\"https:\/\/tastepizzahalal.com\/wp-content\/uploads\/2025\/07\/Untitled-design-1-300x300.png\" class=\"attachment-woocommerce_thumbnail size-woocommerce_thumbnail\" alt=\"Pizza - La crema - Diavola\" srcset=\"https:\/\/tastepizzahalal.com\/wp-content\/uploads\/2025\/07\/Untitled-design-1-300x300.png 300w, https:\/\/tastepizzahalal.com\/wp-content\/uploads\/2025\/07\/Untitled-design-1-1024x1024.png 1024w, https:\/\/tastepizzahalal.com\/wp-content\/uploads\/2025\/07\/Untitled-design-1-150x150.png 150w, https:\/\/tastepizzahalal.com\/wp-content\/uploads\/2025\/07\/Untitled-design-1-768x768.png 768w, https:\/\/tastepizzahalal.com\/wp-content\/uploads\/2025\/07\/Untitled-design-1-12x12.png 12w, https:\/\/tastepizzahalal.com\/wp-content\/uploads\/2025\/07\/Untitled-design-1-600x600.png 600w, https:\/\/tastepizzahalal.com\/wp-content\/uploads\/2025\/07\/Untitled-design-1-100x100.png 100w, https:\/\/tastepizzahalal.com\/wp-content\/uploads\/2025\/07\/Untitled-design-1.png 1080w\" sizes=\"(max-width: 300px) 100vw, 300px\" \/><\/div>\n\t\t\t\t\t<div class=\"wc-block-grid__product-title\">Pizza &#8211; La crema &#8211; Diavola<\/div>\n\t\t\t\t<\/a>\n\t\t\t\t<div class=\"wc-block-grid__product-price price\">From: <span class=\"woocommerce-Price-amount amount\">350&nbsp;<span class=\"woocommerce-Price-currencySymbol\">L<\/span><\/span><\/div>\n\t\t\t\t\n\t\t\t\t<div class=\"wp-block-button wc-block-grid__product-add-to-cart\"><a href=\"https:\/\/tastepizzahalal.com\/?product=pizza-diavola-the-crema\" aria-label=\"P\u00ebrzgjidhni mund\u00ebsi p\u00ebr \u201cPizza - La crema - Diavola\u201d\" data-quantity=\"1\" data-product_id=\"959\" data-product_sku=\"\" data-price=\"350\" rel=\"nofollow\" class=\"wp-block-button__link  add_to_cart_button\">P\u00ebrzgjidhni mund\u00ebsi<\/a><\/div>\n\t\t\t<\/li><\/ul><\/div><\/div>\n<\/div>\n","protected":false},"excerpt":{"rendered":"","protected":false},"author":1,"featured_media":0,"parent":0,"menu_order":0,"comment_status":"closed","ping_status":"closed","template":"","meta":{"footnotes":""},"class_list":["post-9","page","type-page","status-publish","hentry"],"jetpack_sharing_enabled":true,"_links":{"self":[{"href":"https:\/\/tastepizzahalal.com\/index.php?rest_route=\/wp\/v2\/pages\/9","targetHints":{"allow":["GET"]}}],"collection":[{"href":"https:\/\/tastepizzahalal.com\/index.php?rest_route=\/wp\/v2\/pages"}],"about":[{"href":"https:\/\/tastepizzahalal.com\/index.php?rest_route=\/wp\/v2\/types\/page"}],"author":[{"embeddable":true,"href":"https:\/\/tastepizzahalal.com\/index.php?rest_route=\/wp\/v2\/users\/1"}],"replies":[{"embeddable":true,"href":"https:\/\/tastepizzahalal.com\/index.php?rest_route=%2Fwp%2Fv2%2Fcomments&post=9"}],"version-history":[{"count":2,"href":"https:\/\/tastepizzahalal.com\/index.php?rest_route=\/wp\/v2\/pages\/9\/revisions"}],"predecessor-version":[{"id":968,"href":"https:\/\/tastepizzahalal.com\/index.php?rest_route=\/wp\/v2\/pages\/9\/revisions\/968"}],"wp:attachment":[{"href":"https:\/\/tastepizzahalal.com\/index.php?rest_route=%2Fwp%2Fv2%2Fmedia&parent=9"}],"curies":[{"name":"wp","href":"https:\/\/api.w.org\/{rel}","templated":true}]}}